{"id":1166,"date":"2026-03-13T20:08:52","date_gmt":"2026-03-13T20:08:52","guid":{"rendered":"https:\/\/conferenciageodes.uem.mz\/?page_id=1166"},"modified":"2026-03-16T17:30:28","modified_gmt":"2026-03-16T17:30:28","slug":"modalidade","status":"publish","type":"page","link":"https:\/\/conferenciageodes.uem.mz\/index.php\/modalidade\/","title":{"rendered":"Modalidade"},"content":{"rendered":"\t\t<div data-elementor-type=\"wp-page\" data-elementor-id=\"1166\" class=\"elementor elementor-1166\">\n\t\t\t\t<div class=\"elementor-element elementor-element-0761f4f e-flex e-con-boxed e-con e-parent\" data-id=\"0761f4f\" data-element_type=\"container\" data-e-type=\"container\" data-settings=\"{&quot;background_background&quot;:&quot;classic&quot;}\">\n\t\t\t\t\t<div class=\"e-con-inner\">\n\t\t\t\t<div class=\"elementor-element elementor-element-bdcab5a elementor-widget elementor-widget-heading\" data-id=\"bdcab5a\" data-element_type=\"widget\" data-e-type=\"widget\" data-widget_type=\"heading.default\">\n\t\t\t\t\t<h2 class=\"elementor-heading-title elementor-size-default\">Modalidade<\/h2>\t\t\t\t<\/div>\n\t\t\t\t\t<\/div>\n\t\t\t\t<\/div>\n\t\t<div class=\"elementor-element elementor-element-75d62d3 e-flex e-con-boxed e-con e-parent\" data-id=\"75d62d3\" data-element_type=\"container\" data-e-type=\"container\">\n\t\t\t\t\t<div class=\"e-con-inner\">\n\t\t\t\t<div class=\"elementor-element elementor-element-abe958a elementor-widget elementor-widget-text-editor\" data-id=\"abe958a\" data-element_type=\"widget\" data-e-type=\"widget\" data-widget_type=\"text-editor.default\">\n\t\t\t\t\t\t\t\t\t<p>A confer\u00eancia decorrer\u00e1 em modo h\u00edbrido, principalmente com a sess\u00e3o plen\u00e1ria a ser tamb\u00e9m transmitida no Zoom e noutras plataformas de redes sociais.<\/p>\n<h2>SESS\u00d5ES TEM\u00c1TICAS<\/h2>\n<p><strong>1. Minera\u00e7\u00e3o limpa<\/strong><\/p>\n<p>A <strong>Sess\u00e3o de Minera\u00e7\u00e3o <\/strong>Limpa ir\u00e1 discutir como as atividades mineiras numa era altamente exigente para metais aumentar\u00e3o a produtividade sob uma abordagem ambientalmente amiga. Por isso, a sess\u00e3o ir\u00e1 discutir novas solu\u00e7\u00f5es ecol\u00f3gicas e tecnol\u00f3gicas que consideram a redu\u00e7\u00e3o da pegada de carbono: Adicionalmente, a sess\u00e3o abordar\u00e1 a minera\u00e7\u00e3o em grande escala versus a minera\u00e7\u00e3o artesanal, abordando desafios na gest\u00e3o e remedia\u00e7\u00e3o de res\u00edduos.&nbsp; Esta sess\u00e3o ir\u00e1 tamb\u00e9m centrar-se na gest\u00e3o do processamento mineral: desde solu\u00e7\u00f5es &#8220;ordin\u00e1rias&#8221; a solu\u00e7\u00f5es &#8220;extraordin\u00e1rias&#8221; mais limpas no contexto da escassez de \u00e1gua; Responsabilidade Ambiental e Social e economia circular, etc.<\/p>\n<p><strong>2. Minerais cr\u00edticos e transi\u00e7\u00e3o energ\u00e9tica<\/strong><\/p>\n<p>A transi\u00e7\u00e3o dos combust\u00edveis f\u00f3sseis para a energia limpa depende fortemente de elementos qu\u00edmicos como carbono, l\u00edtio, terras raras, entre outros, que s\u00e3o essenciais para as tecnologias de energia limpa. Os participantes s\u00e3o convidados a refletir criticamente sobre as barreiras e desafios geopol\u00edticos, regulat\u00f3rios, geol\u00f3gicos e tecnol\u00f3gicos associados \u00e0 explora\u00e7\u00e3o e explora\u00e7\u00e3o do min\u00e9rio de tais elementos. Uma das principais quest\u00f5es que a sociedade e a ind\u00fastria enfrentam \u00e9 a defini\u00e7\u00e3o e o quadro do mineral cr\u00edtico nas economias em desenvolvimento e emergentes, e isto tamb\u00e9m ser\u00e1 destacado<\/p>\n<p>Para al\u00e9m da \u00eanfase cient\u00edfica e tecnol\u00f3gica, a sess\u00e3o ir\u00e1 analisar at\u00e9 que ponto as empresas e o governo podem garantir cadeias de abastecimento de minerais cr\u00edticos resilientes, seguras e respons\u00e1veis.<\/p>\n<p><strong>3. Desenvolvimento curricular das geoci\u00eancias no contexto das altera\u00e7\u00f5es globais<\/strong><\/p>\n<p>Universidades, escolas e institutos s\u00e3o apelados a reformar e adaptar os seus programas educativos para se alinharem com as mudan\u00e7as sociais, clim\u00e1ticas e tecnol\u00f3gicas. Os curr\u00edculos modernos das geoci\u00eancias, para al\u00e9m de lecionar cursos fundamentais e cl\u00e1ssicos de geologia, t\u00eam de garantir horas consider\u00e1veis de compet\u00eancias interpessoais, computa\u00e7\u00e3o, modela\u00e7\u00e3o, avalia\u00e7\u00e3o ambiental e sistemas de informa\u00e7\u00e3o geogr\u00e1fica. Para acompanhar a r\u00e1pida transforma\u00e7\u00e3o, somos chamados a desenvolver programas atrativos, cient\u00edficos e profissionalizadores. Os programas modernos de geoci\u00eancias devem tamb\u00e9m incorporar temas de objetivos de desenvolvimento sustent\u00e1vel (ODS), nomeadamente aqueles relacionados com os objetivos 1, 4, 6, 7, 14, 15 e 17. Isto deve ser ajustado em equil\u00edbrio com componentes fortes de campo e de laborat\u00f3rio. Esta sess\u00e3o ir\u00e1 analisar e discutir o progresso e as ressalvas relacionadas com o desenvolvimento curricular em v\u00e1rias partes do mundo, bem como as metodologias de ensino que potenciam a autoaprendizagem e as compet\u00eancias dos alunos.<\/p>\n<p><strong>4. Geo-patrim\u00f3nio e Geoparques<\/strong><\/p>\n<p>O mundo est\u00e1 a testemunhar um interesse e consci\u00eancia crescentes sem precedentes na preserva\u00e7\u00e3o de \u00e1reas e exposi\u00e7\u00f5es geol\u00f3gicas de classe mundial e\/ou de tipo que registam evid\u00eancias de vida e evolu\u00e7\u00e3o da Terra. Os Geoparques Globais da UNESCO (UGGp) recomendam uma&nbsp;abordagem de baixo para cima, de combinar conserva\u00e7\u00e3o com desenvolvimento sustent\u00e1vel, envolvendo as comunidades locais, est\u00e1 a tornar-se cada vez mais popular. Inspirada por esta vis\u00e3o, esta sess\u00e3o ir\u00e1 concentrar-se nas experi\u00eancias partilhadas entre os participantes para estimular novas iniciativas colaborativas que promovam e elevem \u00e1reas e paisagens geol\u00f3gicas de import\u00e2ncia internacional para os Geoparques.<\/p>\n<p><strong>5. Geologia e Recursos Naturais <\/strong><\/p>\n<p>Estudos recentes apontam consistentemente para uma previs\u00e3o de elevada procura e consumo de metais, em particular os elementos qu\u00edmicos cruciais para a transi\u00e7\u00e3o energ\u00e9tica, intelig\u00eancia artificial e tecnologias de comunica\u00e7\u00e3o. Escusado ser\u00e1 mencionar o fornecimento de \u00e1gua pot\u00e1vel e materiais de constru\u00e7\u00e3o em pa\u00edses com uma popula\u00e7\u00e3o e economia em crescimento not\u00e1vel. A sess\u00e3o ir\u00e1 discutir novos desenvolvimentos no campo dos dep\u00f3sitos de min\u00e9rio, hidrocarbonetos e recursos h\u00eddricos. Analisa tamb\u00e9m os valores das cadeias nos recursos minerais e o seu impacto no ambiente e na economia circular. Ser\u00e3o tamb\u00e9m discutidos potenciais impactos ambientais dos desenvolvimentos na minera\u00e7\u00e3o e geotecnologia. Ser\u00e1 dedicada especial aten\u00e7\u00e3o \u00e0 aplica\u00e7\u00e3o da IA para a explora\u00e7\u00e3o, explora\u00e7\u00e3o e gest\u00e3o dos recursos naturais.<\/p>\n<p><strong>6. Georiscos, Desastres Naturais e Geomedicina <\/strong><\/p>\n<p>O mundo est\u00e1 a registar um r\u00e1pido crescimento populacional associado \u00e0 crescente expans\u00e3o dos centros urbanos e megacidades, exigindo e impondo uma enorme press\u00e3o no uso e distribui\u00e7\u00e3o do solo. No contexto de mudan\u00e7as clim\u00e1ticas extremas e dram\u00e1ticas, isto exige uma resposta e interven\u00e7\u00e3o eficazes e respons\u00e1veis por parte da comunidade geocient\u00edfica. O agravamento do impacto dos riscos provenientes do interior da Terra, como terramotos e vulc\u00f5es, os efeitos da subida do n\u00edvel do mar e a frequ\u00eancia de chuvas extremas, vento e ondas de calor durante a \u00faltima d\u00e9cada desencadearam intensos debates sobre a coordena\u00e7\u00e3o entre as na\u00e7\u00f5es para fornecer iniciativas de mitiga\u00e7\u00e3o sustent\u00e1veis e resilientes. A sess\u00e3o ir\u00e1 discutir novas metodologias de investiga\u00e7\u00e3o aplicada para identifica\u00e7\u00e3o, classifica\u00e7\u00e3o, preven\u00e7\u00e3o e mitiga\u00e7\u00e3o de desastres naturais. A sess\u00e3o tamb\u00e9m dedicar\u00e1 aten\u00e7\u00e3o \u00e0s recentes contribui\u00e7\u00f5es da Geologia M\u00e9dica para o bem-estar das nossas comunidadesp<\/p>\t\t\t\t\t\t\t\t<\/div>\n\t\t\t\t\t<\/div>\n\t\t\t\t<\/div>\n\t\t\t\t<\/div>\n\t\t","protected":false},"excerpt":{"rendered":"<p>Modalidade A confer\u00eancia decorrer\u00e1 em modo h\u00edbrido, principalmente com a sess\u00e3o plen\u00e1ria a ser tamb\u00e9m transmitida no Zoom e noutras [&hellip;]<\/p>\n","protected":false},"author":1,"featured_media":0,"parent":0,"menu_order":0,"comment_status":"closed","ping_status":"closed","template":"","meta":{"site-sidebar-layout":"no-sidebar","site-content-layout":"","ast-site-content-layout":"full-width-container","site-content-style":"default","site-sidebar-style":"default","ast-global-header-display":"","ast-banner-title-visibility":"","ast-main-header-display":"","ast-hfb-above-header-display":"","ast-hfb-below-header-display":"","ast-hfb-mobile-header-display":"","site-post-title":"","ast-breadcrumbs-content":"","ast-featured-img":"disabled","footer-sml-layout":"","ast-disable-related-posts":"","theme-transparent-header-meta":"","adv-header-id-meta":"","stick-header-meta":"","header-above-stick-meta":"","header-main-stick-meta":"","header-below-stick-meta":"","astra-migrate-meta-layouts":"default","ast-page-background-enabled":"default","ast-page-background-meta":{"desktop":{"background-color":"var(--ast-global-color-5)","background-image":"","background-repeat":"repeat","background-position":"center center","background-size":"auto","background-attachment":"scroll","background-type":"","background-media":"","overlay-type":"","overlay-color":"","overlay-opacity":"","overlay-gradient":""},"tablet":{"background-color":"","background-image":"","background-repeat":"repeat","background-position":"center center","background-size":"auto","background-attachment":"scroll","background-type":"","background-media":"","overlay-type":"","overlay-color":"","overlay-opacity":"","overlay-gradient":""},"mobile":{"background-color":"","background-image":"","background-repeat":"repeat","background-position":"center center","background-size":"auto","background-attachment":"scroll","background-type":"","background-media":"","overlay-type":"","overlay-color":"","overlay-opacity":"","overlay-gradient":""}},"ast-content-background-meta":{"desktop":{"background-color":"var(--ast-global-color-4)","background-image":"","background-repeat":"repeat","background-position":"center center","background-size":"auto","background-attachment":"scroll","background-type":"","background-media":"","overlay-type":"","overlay-color":"","overlay-opacity":"","overlay-gradient":""},"tablet":{"background-color":"var(--ast-global-color-4)","background-image":"","background-repeat":"repeat","background-position":"center center","background-size":"auto","background-attachment":"scroll","background-type":"","background-media":"","overlay-type":"","overlay-color":"","overlay-opacity":"","overlay-gradient":""},"mobile":{"background-color":"var(--ast-global-color-4)","background-image":"","background-repeat":"repeat","background-position":"center center","background-size":"auto","background-attachment":"scroll","background-type":"","background-media":"","overlay-type":"","overlay-color":"","overlay-opacity":"","overlay-gradient":""}},"footnotes":""},"class_list":["post-1166","page","type-page","status-publish","hentry"],"_links":{"self":[{"href":"https:\/\/conferenciageodes.uem.mz\/index.php\/wp-json\/wp\/v2\/pages\/1166","targetHints":{"allow":["GET"]}}],"collection":[{"href":"https:\/\/conferenciageodes.uem.mz\/index.php\/wp-json\/wp\/v2\/pages"}],"about":[{"href":"https:\/\/conferenciageodes.uem.mz\/index.php\/wp-json\/wp\/v2\/types\/page"}],"author":[{"embeddable":true,"href":"https:\/\/conferenciageodes.uem.mz\/index.php\/wp-json\/wp\/v2\/users\/1"}],"replies":[{"embeddable":true,"href":"https:\/\/conferenciageodes.uem.mz\/index.php\/wp-json\/wp\/v2\/comments?post=1166"}],"version-history":[{"count":52,"href":"https:\/\/conferenciageodes.uem.mz\/index.php\/wp-json\/wp\/v2\/pages\/1166\/revisions"}],"predecessor-version":[{"id":1624,"href":"https:\/\/conferenciageodes.uem.mz\/index.php\/wp-json\/wp\/v2\/pages\/1166\/revisions\/1624"}],"wp:attachment":[{"href":"https:\/\/conferenciageodes.uem.mz\/index.php\/wp-json\/wp\/v2\/media?parent=1166"}],"curies":[{"name":"wp","href":"https:\/\/api.w.org\/{rel}","templated":true}]}}