{"id":1204,"date":"2026-03-13T20:45:40","date_gmt":"2026-03-13T20:45:40","guid":{"rendered":"https:\/\/conferenciageodes.uem.mz\/?page_id=1204"},"modified":"2026-03-16T17:28:40","modified_gmt":"2026-03-16T17:28:40","slug":"comites","status":"publish","type":"page","link":"https:\/\/conferenciageodes.uem.mz\/index.php\/comites\/","title":{"rendered":"Comit\u00e9s"},"content":{"rendered":"\t\t<div data-elementor-type=\"wp-page\" data-elementor-id=\"1204\" class=\"elementor elementor-1204\">\n\t\t\t\t<div class=\"elementor-element elementor-element-041ef96 e-flex e-con-boxed e-con e-parent\" data-id=\"041ef96\" data-element_type=\"container\" data-e-type=\"container\" data-settings=\"{&quot;background_background&quot;:&quot;classic&quot;}\">\n\t\t\t\t\t<div class=\"e-con-inner\">\n\t\t\t\t<div class=\"elementor-element elementor-element-5834406 elementor-widget elementor-widget-heading\" data-id=\"5834406\" data-element_type=\"widget\" data-e-type=\"widget\" data-widget_type=\"heading.default\">\n\t\t\t\t\t<h2 class=\"elementor-heading-title elementor-size-default\">Comit\u00e9s<\/h2>\t\t\t\t<\/div>\n\t\t\t\t\t<\/div>\n\t\t\t\t<\/div>\n\t\t<div class=\"elementor-element elementor-element-f72c2b4 e-flex e-con-boxed e-con e-parent\" data-id=\"f72c2b4\" data-element_type=\"container\" data-e-type=\"container\">\n\t\t\t\t\t<div class=\"e-con-inner\">\n\t\t\t\t<div class=\"elementor-element elementor-element-d02b68d elementor-widget elementor-widget-text-editor\" data-id=\"d02b68d\" data-element_type=\"widget\" data-e-type=\"widget\" data-widget_type=\"text-editor.default\">\n\t\t\t\t\t\t\t\t\t<div><span style=\"font-weight: bold;\"><span lang=\"PT\" style=\"text-transform: uppercase;\">Comit\u00e9\u00a0ORGANIZADOR<\/span><\/span><b><\/b><\/div><ul><li>Daud Jamal, Presidente do Comit\u00e9 de Organiza\u00e7\u00e3o (UEM,\u00a0<span lang=\"PT\" style=\"font-size: 12pt; line-height: 18.4px; font-family: Aptos, sans-serif;\">Mo\u00e7ambique<\/span>)<\/li><li>Laura Nilza Mendes (UEM,\u00a0<span lang=\"PT\" style=\"font-size: 12.0pt; line-height: 115%; font-family: 'Aptos',sans-serif; mso-ascii-theme-font: minor-latin; mso-fareast-font-family: Aptos; mso-fareast-theme-font: minor-latin; mso-hansi-theme-font: minor-latin; mso-bidi-font-family: 'Times New Roman'; mso-bidi-theme-font: minor-bidi; mso-ansi-language: PT; mso-fareast-language: EN-US; mso-bidi-language: AR-SA;\">Mo\u00e7ambique<\/span>)<\/li><li>Luis Magaia (UEM,\u00a0<span lang=\"PT\" style=\"font-size: 12pt; line-height: 18.4px; font-family: Aptos, sans-serif;\">Mo\u00e7ambique<\/span>)<\/li><li>Belarmino Massingue (UEM,\u00a0<span lang=\"PT\" style=\"font-size: 12pt; line-height: 18.4px; font-family: Aptos, sans-serif;\">Mo\u00e7ambique<\/span>)<\/li><li>Estev\u00e3o Sumbuarne (UEM,\u00a0<span lang=\"PT\" style=\"font-size: 12pt; line-height: 18.4px; font-family: Aptos, sans-serif;\">Mo\u00e7ambique<\/span>)<\/li><li>Jazilo Issufo (UEM,\u00a0<span lang=\"PT\" style=\"font-size: 12pt; line-height: 18.4px; font-family: Aptos, sans-serif;\">Mo\u00e7ambique<\/span>)<\/li><li>Helton Massingue (UEM,\u00a0<span lang=\"PT\" style=\"font-size: 12pt; line-height: 18.4px; font-family: Aptos, sans-serif;\">Mo\u00e7ambique<\/span>)<\/li><li>Nilza Collinson (UEM,\u00a0<span lang=\"PT\" style=\"font-size: 12pt; line-height: 18.4px; font-family: Aptos, sans-serif;\">Mo\u00e7ambique<\/span>)<\/li><li><span style=\"font-size: 12pt; font-family: Aptos, sans-serif; font-style: inherit; font-weight: inherit;\">H\u00e9lio Vasco Nganhane (UniP\u00fangu\u00e8, Mo\u00e7ambique)<\/span><\/li><li><span lang=\"PT\" style=\"font-size: 12.0pt; line-height: 115%; font-family: 'Aptos',sans-serif; mso-ascii-theme-font: minor-latin; mso-fareast-font-family: Aptos; mso-fareast-theme-font: minor-latin; mso-hansi-theme-font: minor-latin; mso-bidi-font-family: 'Times New Roman'; mso-bidi-theme-font: minor-bidi; mso-ansi-language: PT; mso-fareast-language: EN-US; mso-bidi-language: AR-SA;\"><span lang=\"PT\" style=\"font-size: 12pt; line-height: 115%;\"><span lang=\"PT\" style=\"font-size: 12pt; line-height: 115%;\">K<\/span><span lang=\"PT\" style=\"font-size: 12.0pt; line-height: 115%; font-family: 'Aptos Narrow',sans-serif; mso-fareast-font-family: Aptos; mso-fareast-theme-font: minor-latin; mso-bidi-font-family: 'Times New Roman'; mso-bidi-theme-font: minor-bidi; mso-ansi-language: PT; mso-fareast-language: EN-US; mso-bidi-language: AR-SA;\">\u00e1<\/span><span lang=\"PT\" style=\"font-size: 12pt; line-height: 115%;\">tia<\/span>\u00a0Gotine (UniP\u00fangu\u00e8, Mo\u00e7ambique)<\/span><\/span><\/li><li><span lang=\"PT\" style=\"font-size: 12.0pt; line-height: 115%; font-family: 'Aptos',sans-serif; mso-ascii-theme-font: minor-latin; mso-fareast-font-family: Aptos; mso-fareast-theme-font: minor-latin; mso-hansi-theme-font: minor-latin; mso-bidi-font-family: 'Times New Roman'; mso-bidi-theme-font: minor-bidi; mso-ansi-language: PT; mso-fareast-language: EN-US; mso-bidi-language: AR-SA;\"><span lang=\"PT\" style=\"font-size: 12pt; line-height: 115%;\">Soraia Ferreira\u00a0<\/span><\/span>(UC, Portugal)<\/li><\/ul><p><b><span lang=\"PT\" style=\"text-transform: uppercase;\">comiss<\/span><\/b><strong>\u00c3<\/strong><b><span lang=\"PT\" style=\"text-transform: uppercase;\">o de acompanhamento<\/span><\/b><\/p><ul style=\"font-size: 16px; font-style: normal; font-weight: 400;\"><li style=\"font-size: 16px;\"><span style=\"font-style: inherit; font-weight: inherit;\">Ant\u00f3nio Ol\u00edmpio Gon\u00e7alves (UAN, Angola)<\/span><\/li><li style=\"font-size: 16px;\"><span style=\"font-style: inherit; font-weight: inherit;\">Daud Jamal (UEM, Mo\u00e7ambique)<\/span><\/li><li style=\"font-size: 16px;\">Dolores Pereira (USAL, Espanha)<\/li><li style=\"font-size: 16px;\">Domingos Oliveira (UMN, Angola)<\/li><li style=\"font-size: 16px;\"><span style=\"font-style: inherit; font-weight: inherit;\">Giovanna Dino (UNITO, It\u00e1lia)<\/span><\/li><li style=\"font-size: 16px;\">Guido Prego (UKB, Angola)<\/li><li style=\"font-size: 16px;\">H\u00e9lio Vasco Nganhane (UniP\u00fangu\u00e8, Mo\u00e7ambique)<\/li><li style=\"font-size: 16px;\"><span style=\"font-style: inherit; font-weight: inherit;\">Loite Jos\u00e9 (UniLurio, Mo\u00e7ambique)<\/span><\/li><li style=\"font-size: 16px;\"><span style=\"font-style: inherit; font-weight: inherit;\">Pedro Dinis (UC, Portugal)<\/span><\/li><\/ul><div><span style=\"font-weight: bold;\"><span lang=\"PT\" style=\"text-transform: uppercase;\">COORDENADORES DAS <\/span><\/span><b style=\"font-style: inherit;\"><span lang=\"PT\">SESS\u00d5ES\u00a0<\/span><\/b><span style=\"text-transform: uppercase; font-weight: bold; font-size: 1rem;\">Cient\u00edficAS<\/span><\/div><ol><li>Presidente da sess\u00e3o &#8220;Minera\u00e7\u00e3o limpa&#8221;, Giovanna Dino\u00a0<span lang=\"PT\" style=\"font-size: 12.0pt; line-height: 115%; font-family: 'Aptos',sans-serif; mso-ascii-theme-font: minor-latin; mso-fareast-font-family: Aptos; mso-fareast-theme-font: minor-latin; mso-hansi-theme-font: minor-latin; mso-bidi-font-family: 'Times New Roman'; mso-bidi-theme-font: minor-bidi; mso-ansi-language: PT; mso-fareast-language: EN-US; mso-bidi-language: AR-SA;\">(UNITO, It\u00e1lia)<\/span><\/li><li>Presidente da sess\u00e3o &#8220;Minerais cr\u00edticos e transi\u00e7\u00e3o energ\u00e9tica&#8221;, Am\u00e9rico da Mata (IGEO, Angola)<\/li><li>Presidente da sess\u00e3o &#8220;Desenvolvimento curricular de Geoci\u00eancias no contexto das mudan\u00e7as globais&#8221;, Pedro Callapez\u00a0<span lang=\"PT\" style=\"font-size: 12.0pt; line-height: 115%; font-family: 'Aptos',sans-serif; mso-ascii-theme-font: minor-latin; mso-fareast-font-family: Aptos; mso-fareast-theme-font: minor-latin; mso-hansi-theme-font: minor-latin; mso-bidi-font-family: 'Times New Roman'; mso-bidi-theme-font: minor-bidi; mso-ansi-language: PT; mso-fareast-language: EN-US; mso-bidi-language: AR-SA;\">(UC, Portugal)<\/span><\/li><li>Presidente da sess\u00e3o &#8220;Geo-patrim\u00f3nio e GeoParques&#8221;, Dolores Pereira\u00a0<span lang=\"PT\" style=\"font-size: 12.0pt; line-height: 115%; font-family: 'Aptos',sans-serif; mso-ascii-theme-font: minor-latin; mso-fareast-font-family: Aptos; mso-fareast-theme-font: minor-latin; mso-hansi-theme-font: minor-latin; mso-bidi-font-family: 'Times New Roman'; mso-bidi-theme-font: minor-bidi; mso-ansi-language: PT; mso-fareast-language: EN-US; mso-bidi-language: AR-SA;\">(USAL, Espanha)<\/span><\/li><li>Presidente da sess\u00e3o &#8220;Geologia e Recursos Naturais&#8221;, Salvador Mondlane (UEM,\u00a0<span lang=\"PT\" style=\"font-size: 12pt; line-height: 18.4px; font-family: Aptos, sans-serif;\">Mo\u00e7ambique<\/span>)<\/li><li>Presidente da sess\u00e3o &#8220;Georiscos e Cat\u00e1strofes Naturais&#8221;, H\u00e9lio Nganhane (<span style=\"font-family: Aptos, sans-serif;\">UniP\u00fangu\u00e8, Mo\u00e7ambique<\/span>)<\/li><\/ol><div><span style=\"font-weight: bold;\"><span lang=\"PT\" style=\"text-transform: uppercase;\">Comit\u00e9 Cient\u00edficO\u00a0<\/span><\/span><\/div><div><span lang=\"PT\" style=\"font-size: 12pt; line-height: 18.4px; font-family: Aptos, sans-serif;\">(Brevemente)<\/span><\/div>\t\t\t\t\t\t\t\t<\/div>\n\t\t\t\t\t<\/div>\n\t\t\t\t<\/div>\n\t\t\t\t<\/div>\n\t\t","protected":false},"excerpt":{"rendered":"<p>Comit\u00e9s Comit\u00e9\u00a0ORGANIZADOR Daud Jamal, Presidente do Comit\u00e9 de Organiza\u00e7\u00e3o (UEM,\u00a0Mo\u00e7ambique) Laura Nilza Mendes (UEM,\u00a0Mo\u00e7ambique) Luis Magaia (UEM,\u00a0Mo\u00e7ambique) Belarmino Massingue (UEM,\u00a0Mo\u00e7ambique) [&hellip;]<\/p>\n","protected":false},"author":1,"featured_media":0,"parent":0,"menu_order":0,"comment_status":"closed","ping_status":"closed","template":"","meta":{"site-sidebar-layout":"no-sidebar","site-content-layout":"","ast-site-content-layout":"full-width-container","site-content-style":"default","site-sidebar-style":"default","ast-global-header-display":"","ast-banner-title-visibility":"","ast-main-header-display":"","ast-hfb-above-header-display":"","ast-hfb-below-header-display":"","ast-hfb-mobile-header-display":"","site-post-title":"","ast-breadcrumbs-content":"","ast-featured-img":"disabled","footer-sml-layout":"","ast-disable-related-posts":"","theme-transparent-header-meta":"","adv-header-id-meta":"","stick-header-meta":"","header-above-stick-meta":"","header-main-stick-meta":"","header-below-stick-meta":"","astra-migrate-meta-layouts":"default","ast-page-background-enabled":"default","ast-page-background-meta":{"desktop":{"background-color":"var(--ast-global-color-5)","background-image":"","background-repeat":"repeat","background-position":"center center","background-size":"auto","background-attachment":"scroll","background-type":"","background-media":"","overlay-type":"","overlay-color":"","overlay-opacity":"","overlay-gradient":""},"tablet":{"background-color":"","background-image":"","background-repeat":"repeat","background-position":"center center","background-size":"auto","background-attachment":"scroll","background-type":"","background-media":"","overlay-type":"","overlay-color":"","overlay-opacity":"","overlay-gradient":""},"mobile":{"background-color":"","background-image":"","background-repeat":"repeat","background-position":"center center","background-size":"auto","background-attachment":"scroll","background-type":"","background-media":"","overlay-type":"","overlay-color":"","overlay-opacity":"","overlay-gradient":""}},"ast-content-background-meta":{"desktop":{"background-color":"var(--ast-global-color-4)","background-image":"","background-repeat":"repeat","background-position":"center center","background-size":"auto","background-attachment":"scroll","background-type":"","background-media":"","overlay-type":"","overlay-color":"","overlay-opacity":"","overlay-gradient":""},"tablet":{"background-color":"var(--ast-global-color-4)","background-image":"","background-repeat":"repeat","background-position":"center center","background-size":"auto","background-attachment":"scroll","background-type":"","background-media":"","overlay-type":"","overlay-color":"","overlay-opacity":"","overlay-gradient":""},"mobile":{"background-color":"var(--ast-global-color-4)","background-image":"","background-repeat":"repeat","background-position":"center center","background-size":"auto","background-attachment":"scroll","background-type":"","background-media":"","overlay-type":"","overlay-color":"","overlay-opacity":"","overlay-gradient":""}},"footnotes":""},"class_list":["post-1204","page","type-page","status-publish","hentry"],"_links":{"self":[{"href":"https:\/\/conferenciageodes.uem.mz\/index.php\/wp-json\/wp\/v2\/pages\/1204","targetHints":{"allow":["GET"]}}],"collection":[{"href":"https:\/\/conferenciageodes.uem.mz\/index.php\/wp-json\/wp\/v2\/pages"}],"about":[{"href":"https:\/\/conferenciageodes.uem.mz\/index.php\/wp-json\/wp\/v2\/types\/page"}],"author":[{"embeddable":true,"href":"https:\/\/conferenciageodes.uem.mz\/index.php\/wp-json\/wp\/v2\/users\/1"}],"replies":[{"embeddable":true,"href":"https:\/\/conferenciageodes.uem.mz\/index.php\/wp-json\/wp\/v2\/comments?post=1204"}],"version-history":[{"count":43,"href":"https:\/\/conferenciageodes.uem.mz\/index.php\/wp-json\/wp\/v2\/pages\/1204\/revisions"}],"predecessor-version":[{"id":1615,"href":"https:\/\/conferenciageodes.uem.mz\/index.php\/wp-json\/wp\/v2\/pages\/1204\/revisions\/1615"}],"wp:attachment":[{"href":"https:\/\/conferenciageodes.uem.mz\/index.php\/wp-json\/wp\/v2\/media?parent=1204"}],"curies":[{"name":"wp","href":"https:\/\/api.w.org\/{rel}","templated":true}]}}