{"id":1674,"date":"2026-05-06T08:34:52","date_gmt":"2026-05-06T08:34:52","guid":{"rendered":"https:\/\/conferenciageodes.uem.mz\/?page_id=1674"},"modified":"2026-05-06T09:09:24","modified_gmt":"2026-05-06T09:09:24","slug":"instrucoes","status":"publish","type":"page","link":"https:\/\/conferenciageodes.uem.mz\/index.php\/instrucoes\/","title":{"rendered":"Instru\u00e7\u00f5es"},"content":{"rendered":"\t\t<div data-elementor-type=\"wp-page\" data-elementor-id=\"1674\" class=\"elementor elementor-1674\">\n\t\t\t\t<div class=\"elementor-element elementor-element-6bb6b31 e-flex e-con-boxed e-con e-parent\" data-id=\"6bb6b31\" data-element_type=\"container\" data-e-type=\"container\">\n\t\t\t\t\t<div class=\"e-con-inner\">\n\t\t<div class=\"elementor-element elementor-element-93d2339 e-con-full e-flex e-con e-child\" data-id=\"93d2339\" data-element_type=\"container\" data-e-type=\"container\">\n\t\t<div class=\"elementor-element elementor-element-c835845 e-con-full e-flex e-con e-child\" data-id=\"c835845\" data-element_type=\"container\" data-e-type=\"container\" data-settings=\"{&quot;background_background&quot;:&quot;classic&quot;}\">\n\t\t\t\t<div class=\"elementor-element elementor-element-07dcdb8 elementor-widget elementor-widget-heading\" data-id=\"07dcdb8\" data-element_type=\"widget\" data-e-type=\"widget\" data-widget_type=\"heading.default\">\n\t\t\t\t\t<h2 class=\"elementor-heading-title elementor-size-default\">Instru\u00e7\u00f5es<\/h2>\t\t\t\t<\/div>\n\t\t\t\t<\/div>\n\t\t\t\t<\/div>\n\t\t\t\t\t<\/div>\n\t\t\t\t<\/div>\n\t\t<div class=\"elementor-element elementor-element-dddb62a e-flex e-con-boxed e-con e-parent\" data-id=\"dddb62a\" data-element_type=\"container\" data-e-type=\"container\">\n\t\t\t\t\t<div class=\"e-con-inner\">\n\t\t\t\t<div class=\"elementor-element elementor-element-dd0974c elementor-widget elementor-widget-text-editor\" data-id=\"dd0974c\" data-element_type=\"widget\" data-e-type=\"widget\" data-widget_type=\"text-editor.default\">\n\t\t\t\t\t\t\t\t\tSiga as instru\u00e7\u00f5es para a elabora\u00e7\u00e3o do resumo e do poster:<\/span>\n<ul>\n \t<li><a href=\"https:\/\/conferenciageodes.uem.mz\/wp-content\/uploads\/2026\/03\/Template_Poster_GEODES_2026.pdf\" target=\"_blank\" rel=\"noopener\">Instru\u00e7\u00f5es para prepara\u00e7\u00e3o do Poster<\/a><\/span><\/li>\n \t<li><a href=\"https:\/\/conferenciageodes.uem.mz\/wp-content\/uploads\/2026\/03\/Template_Resumo_GEODES_2026.pdf\" target=\"_blank\" rel=\"noopener\">Instru\u00e7\u00f5es para prepara\u00e7\u00e3o do Resumo<\/a><\/span><\/li>\n \t<li><a href=\"https:\/\/conferenciageodes.uem.mz\/wp-content\/uploads\/2026\/05\/Template_Resumo_GEODES_2026.docx\" target=\"_blank\" rel=\"noopener\">Template do Resumo no formato word<\/a><\/li>\n<\/ul>\n<span style=\"color: #0a0000; background-color: #eeeeee;\">\u00a0Submeta os seus materiais no email:\u00a0<\/span><span style=\"font-weight: bold; color: #0a0000; background-color: #eeeeee;\">submissoes.conferenciageodes2026@uem.mz<\/span>\t\t\t\t\t\t\t\t<\/div>\n\t\t\t\t\t<\/div>\n\t\t\t\t<\/div>\n\t\t\t\t<\/div>\n\t\t","protected":false},"excerpt":{"rendered":"<p>Instru\u00e7\u00f5es Siga as instru\u00e7\u00f5es para a elabora\u00e7\u00e3o do resumo e do poster: Instru\u00e7\u00f5es para prepara\u00e7\u00e3o do Poster Instru\u00e7\u00f5es para prepara\u00e7\u00e3o [&hellip;]<\/p>\n","protected":false},"author":1,"featured_media":0,"parent":0,"menu_order":0,"comment_status":"closed","ping_status":"closed","template":"","meta":{"site-sidebar-layout":"no-sidebar","site-content-layout":"","ast-site-content-layout":"full-width-container","site-content-style":"default","site-sidebar-style":"default","ast-global-header-display":"","ast-banner-title-visibility":"","ast-main-header-display":"","ast-hfb-above-header-display":"","ast-hfb-below-header-display":"","ast-hfb-mobile-header-display":"","site-post-title":"","ast-breadcrumbs-content":"","ast-featured-img":"disabled","footer-sml-layout":"","ast-disable-related-posts":"","theme-transparent-header-meta":"","adv-header-id-meta":"","stick-header-meta":"","header-above-stick-meta":"","header-main-stick-meta":"","header-below-stick-meta":"","astra-migrate-meta-layouts":"default","ast-page-background-enabled":"default","ast-page-background-meta":{"desktop":{"background-color":"var(--ast-global-color-5)","background-image":"","background-repeat":"repeat","background-position":"center center","background-size":"auto","background-attachment":"scroll","background-type":"","background-media":"","overlay-type":"","overlay-color":"","overlay-opacity":"","overlay-gradient":""},"tablet":{"background-color":"","background-image":"","background-repeat":"repeat","background-position":"center center","background-size":"auto","background-attachment":"scroll","background-type":"","background-media":"","overlay-type":"","overlay-color":"","overlay-opacity":"","overlay-gradient":""},"mobile":{"background-color":"","background-image":"","background-repeat":"repeat","background-position":"center center","background-size":"auto","background-attachment":"scroll","background-type":"","background-media":"","overlay-type":"","overlay-color":"","overlay-opacity":"","overlay-gradient":""}},"ast-content-background-meta":{"desktop":{"background-color":"var(--ast-global-color-4)","background-image":"","background-repeat":"repeat","background-position":"center center","background-size":"auto","background-attachment":"scroll","background-type":"","background-media":"","overlay-type":"","overlay-color":"","overlay-opacity":"","overlay-gradient":""},"tablet":{"background-color":"var(--ast-global-color-4)","background-image":"","background-repeat":"repeat","background-position":"center center","background-size":"auto","background-attachment":"scroll","background-type":"","background-media":"","overlay-type":"","overlay-color":"","overlay-opacity":"","overlay-gradient":""},"mobile":{"background-color":"var(--ast-global-color-4)","background-image":"","background-repeat":"repeat","background-position":"center center","background-size":"auto","background-attachment":"scroll","background-type":"","background-media":"","overlay-type":"","overlay-color":"","overlay-opacity":"","overlay-gradient":""}},"footnotes":""},"class_list":["post-1674","page","type-page","status-publish","hentry"],"_links":{"self":[{"href":"https:\/\/conferenciageodes.uem.mz\/index.php\/wp-json\/wp\/v2\/pages\/1674","targetHints":{"allow":["GET"]}}],"collection":[{"href":"https:\/\/conferenciageodes.uem.mz\/index.php\/wp-json\/wp\/v2\/pages"}],"about":[{"href":"https:\/\/conferenciageodes.uem.mz\/index.php\/wp-json\/wp\/v2\/types\/page"}],"author":[{"embeddable":true,"href":"https:\/\/conferenciageodes.uem.mz\/index.php\/wp-json\/wp\/v2\/users\/1"}],"replies":[{"embeddable":true,"href":"https:\/\/conferenciageodes.uem.mz\/index.php\/wp-json\/wp\/v2\/comments?post=1674"}],"version-history":[{"count":7,"href":"https:\/\/conferenciageodes.uem.mz\/index.php\/wp-json\/wp\/v2\/pages\/1674\/revisions"}],"predecessor-version":[{"id":1690,"href":"https:\/\/conferenciageodes.uem.mz\/index.php\/wp-json\/wp\/v2\/pages\/1674\/revisions\/1690"}],"wp:attachment":[{"href":"https:\/\/conferenciageodes.uem.mz\/index.php\/wp-json\/wp\/v2\/media?parent=1674"}],"curies":[{"name":"wp","href":"https:\/\/api.w.org\/{rel}","templated":true}]}}